{"id":171,"date":"2021-09-18T14:43:21","date_gmt":"2021-09-18T14:43:21","guid":{"rendered":"http:\/\/es.valeriapelka.com\/?page_id=171"},"modified":"2025-08-26T22:12:24","modified_gmt":"2025-08-26T22:12:24","slug":"clases","status":"publish","type":"page","link":"https:\/\/es.valeriapelka.com\/index.php\/clases\/","title":{"rendered":"Clases"},"content":{"rendered":"<h1 style=\"text-align: center;\">\u2013 CLASES ONLINE \u2013<\/h1>\n<h2 style=\"text-align: center;\"><span style=\"font-weight: 400;\">LA MODALIDAD DE ESTUDIO QUE LLEG\u00d3 PARA QUEDARSE<\/span><\/h2>\n<p><img loading=\"lazy\" decoding=\"async\" class=\" wp-image-172 aligncenter\" src=\"http:\/\/es.valeriapelka.com\/wp-content\/uploads\/2021\/09\/FOTO-CLASES-1-1024x615.jpg\" alt=\"\" width=\"461\" height=\"277\" srcset=\"https:\/\/es.valeriapelka.com\/wp-content\/uploads\/2021\/09\/FOTO-CLASES-1-1024x615.jpg 1024w, https:\/\/es.valeriapelka.com\/wp-content\/uploads\/2021\/09\/FOTO-CLASES-1-300x180.jpg 300w, https:\/\/es.valeriapelka.com\/wp-content\/uploads\/2021\/09\/FOTO-CLASES-1-768x461.jpg 768w, https:\/\/es.valeriapelka.com\/wp-content\/uploads\/2021\/09\/FOTO-CLASES-1-1536x923.jpg 1536w, https:\/\/es.valeriapelka.com\/wp-content\/uploads\/2021\/09\/FOTO-CLASES-1-2048x1230.jpg 2048w\" sizes=\"(max-width: 461px) 100vw, 461px\" \/><\/p>\n<h5 style=\"text-align: center;\"><\/h5>\n<h5><span style=\"font-weight: 400;\">Hoy tenemos la posibilidad y facilidad de adquirir conocimiento y ponerlo a nuestro servicio desde la comodidad de nuestras casas, a\u00fan viviendo en un barrio, una ciudad e incluso un pa\u00eds lejano.<\/span><\/h5>\n<h5><span style=\"font-weight: 400;\">Y gran cantidad de personas aprovechan hoy el potencial de este canal para desarrollarse m\u00e1s, para adquirir m\u00e1s habilidades que lo lleven directamente a la concreci\u00f3n de sus ideas creativas.<\/span><\/h5>\n<h5><span style=\"font-weight: 400;\">Mi prop\u00f3sito es brindarte las herramientas que te llevar\u00e1n a componer, armonizar, elaborar texturas y discursos musicales, instrumentar y escribir partituras de manera profesional para diversas formaciones, desde instrumentos solistas hasta orquesta sinf\u00f3nica.<\/span><\/h5>\n<p style=\"text-align: center;\"><span style=\"font-weight: 400;\">COMPOSICI\u00d3N<\/span><\/p>\n<p style=\"text-align: center;\"><span style=\"font-weight: 400;\">ORQUESTACI\u00d3N\u00a0<\/span><\/p>\n<p style=\"text-align: center;\"><span style=\"font-weight: 400;\">ARMON\u00cdA\u00a0<\/span><\/p>\n<p style=\"text-align: center;\"><span style=\"font-weight: 400;\">AN\u00c1LISIS MORFOL\u00d3GICO<\/span><\/p>\n<p style=\"text-align: center;\">CONTRAPUNTO<\/p>\n<p style=\"text-align: center;\">EDICI\u00d3N PROFESIONAL DE PARTITURAS<\/p>\n<p style=\"text-align: center;\"><img loading=\"lazy\" decoding=\"async\" class=\"wp-image-178 aligncenter\" src=\"http:\/\/es.valeriapelka.com\/wp-content\/uploads\/2021\/09\/MUSIC-ONLINE--300x150.jpg\" alt=\"\" width=\"362\" height=\"181\" srcset=\"https:\/\/es.valeriapelka.com\/wp-content\/uploads\/2021\/09\/MUSIC-ONLINE--300x150.jpg 300w, https:\/\/es.valeriapelka.com\/wp-content\/uploads\/2021\/09\/MUSIC-ONLINE--1024x512.jpg 1024w, https:\/\/es.valeriapelka.com\/wp-content\/uploads\/2021\/09\/MUSIC-ONLINE--768x384.jpg 768w, https:\/\/es.valeriapelka.com\/wp-content\/uploads\/2021\/09\/MUSIC-ONLINE--1536x768.jpg 1536w, https:\/\/es.valeriapelka.com\/wp-content\/uploads\/2021\/09\/MUSIC-ONLINE--1080x540.jpg 1080w, https:\/\/es.valeriapelka.com\/wp-content\/uploads\/2021\/09\/MUSIC-ONLINE-.jpg 2000w\" sizes=\"(max-width: 362px) 100vw, 362px\" \/><\/p>\n<h5 style=\"text-align: center;\"><span style=\"font-weight: 400;\">Las clases son individuales y sincr\u00f3nicas.<\/span><\/h5>\n<h5 style=\"text-align: center;\"><span style=\"font-weight: 400;\">El material ser\u00e1 \u00edntegramente brindado en clase, en diversos formatos: <\/span><\/h5>\n<h5 style=\"text-align: center;\"><span style=\"font-weight: 400;\">pdf, word online, mp3, sibelius y midi entre otros.<\/span><\/h5>\n<p style=\"text-align: center;\">Actualmente imparto clases a alumnos residentes en diversos pa\u00edses, tales como:<\/p>\n<p style=\"text-align: center;\">ESPA\u00d1A, USA, M\u00c9XICO, COLOMBIA, GUATEMALA, PANAM\u00c1, COSTA RICA, CHILE, URUGUAY Y ARGENTINA.<\/p>\n<p style=\"text-align: center;\">NO DUDES EN CONSULTAR: +54 9 11 6005 8575<\/p>\n<p style=\"text-align: center;\"><a href=\"https:\/\/estudiosmusicales.valeriapelka.com\/\" target=\"_blank\" rel=\"noopener\">M\u00c1S INFORMACI\u00d3N<\/a><\/p>\n<p>&nbsp;<\/p>\n                <div class=\"ml-embedded\" data-form=\"JTq8vC\"><\/div>\n            \n","protected":false},"excerpt":{"rendered":"<p>\u2013 CLASES ONLINE \u2013 LA MODALIDAD DE ESTUDIO QUE LLEG\u00d3 PARA QUEDARSE Hoy tenemos la posibilidad y facilidad de adquirir conocimiento y ponerlo a nuestro [&#8230;]<\/p>\n","protected":false},"author":1,"featured_media":0,"parent":0,"menu_order":0,"comment_status":"closed","ping_status":"closed","template":"templates\/template-no-title.php","meta":{"om_disable_all_campaigns":false,"sfsi_plus_gutenberg_text_before_share":"","sfsi_plus_gutenberg_show_text_before_share":"","sfsi_plus_gutenberg_icon_type":"","sfsi_plus_gutenberg_icon_alignemt":"","sfsi_plus_gutenburg_max_per_row":"","_monsterinsights_skip_tracking":false,"_monsterinsights_sitenote_active":false,"_monsterinsights_sitenote_note":"","_monsterinsights_sitenote_category":0,"footnotes":""},"class_list":["post-171","page","type-page","status-publish","hentry"],"_links":{"self":[{"href":"https:\/\/es.valeriapelka.com\/index.php\/wp-json\/wp\/v2\/pages\/171"}],"collection":[{"href":"https:\/\/es.valeriapelka.com\/index.php\/wp-json\/wp\/v2\/pages"}],"about":[{"href":"https:\/\/es.valeriapelka.com\/index.php\/wp-json\/wp\/v2\/types\/page"}],"author":[{"embeddable":true,"href":"https:\/\/es.valeriapelka.com\/index.php\/wp-json\/wp\/v2\/users\/1"}],"replies":[{"embeddable":true,"href":"https:\/\/es.valeriapelka.com\/index.php\/wp-json\/wp\/v2\/comments?post=171"}],"version-history":[{"count":14,"href":"https:\/\/es.valeriapelka.com\/index.php\/wp-json\/wp\/v2\/pages\/171\/revisions"}],"predecessor-version":[{"id":547,"href":"https:\/\/es.valeriapelka.com\/index.php\/wp-json\/wp\/v2\/pages\/171\/revisions\/547"}],"wp:attachment":[{"href":"https:\/\/es.valeriapelka.com\/index.php\/wp-json\/wp\/v2\/media?parent=171"}],"curies":[{"name":"wp","href":"https:\/\/api.w.org\/{rel}","templated":true}]}}