{"id":126,"date":"2021-09-17T23:19:31","date_gmt":"2021-09-17T23:19:31","guid":{"rendered":"http:\/\/es.valeriapelka.com\/?page_id=126"},"modified":"2025-08-26T22:07:51","modified_gmt":"2025-08-26T22:07:51","slug":"proyectos","status":"publish","type":"page","link":"https:\/\/es.valeriapelka.com\/index.php\/proyectos\/","title":{"rendered":"Proyectos"},"content":{"rendered":"<p><img loading=\"lazy\" decoding=\"async\" class=\"size-full wp-image-226 aligncenter\" src=\"http:\/\/es.valeriapelka.com\/wp-content\/uploads\/2021\/10\/CAMILA-esp.png\" alt=\"\" width=\"1135\" height=\"209\" srcset=\"https:\/\/es.valeriapelka.com\/wp-content\/uploads\/2021\/10\/CAMILA-esp.png 1135w, https:\/\/es.valeriapelka.com\/wp-content\/uploads\/2021\/10\/CAMILA-esp-300x55.png 300w, https:\/\/es.valeriapelka.com\/wp-content\/uploads\/2021\/10\/CAMILA-esp-1024x189.png 1024w, https:\/\/es.valeriapelka.com\/wp-content\/uploads\/2021\/10\/CAMILA-esp-768x141.png 768w, https:\/\/es.valeriapelka.com\/wp-content\/uploads\/2021\/10\/CAMILA-esp-24x4.png 24w, https:\/\/es.valeriapelka.com\/wp-content\/uploads\/2021\/10\/CAMILA-esp-36x7.png 36w, https:\/\/es.valeriapelka.com\/wp-content\/uploads\/2021\/10\/CAMILA-esp-90x17.png 90w\" sizes=\"(max-width: 1135px) 100vw, 1135px\" \/><\/p>\n<h3><span style=\"font-weight: 400;\">En &#8220;Camila &amp; Ladislao&#8221; la m\u00fasica hablar\u00e1 del amor prohibido de una joven que proviene de una familia de pol\u00edticos de clase alta y un cura de campo. Ellos decidieron escapar y vivir juntos su amor pero su insubordinaci\u00f3n y las mentalidades estrictas de su tiempo les quitaron sus j\u00f3venes vidas y todos sus sue\u00f1os.<\/span><\/h3>\n<h3><span style=\"font-weight: 400;\">Basada en una historia real y en una pel\u00edcula que tambi\u00e9n cuenta este triste pasaje de la historia de Argentina y Buenos Aires, &#8220;Camila &amp; Ladislao&#8221; registra los distintos momentos de sus vidas desde su primer encuentro en el confesionario, la fuga a la Villa de Goya donde se convirtieron en maestros de escuela y donde pudieron dejar florecer su amor, la persecuci\u00f3n y sus condenas a muerte bajo las \u00f3rdenes del gobierno de Juan Manuel de Rosas bajo la presi\u00f3n de la Iglesia y las &#8220;buenas costumbres&#8221;.<\/span><\/h3>\n<h5><span style=\"font-weight: 400;\">Duraci\u00f3n aproximada: 18 -20 min<\/span><\/h5>\n<h5><span style=\"font-weight: 400;\">Inicio de la composici\u00f3n: agosto de 2022<\/span><\/h5>\n<hr \/>\n<h3><\/h3>\n<p><img loading=\"lazy\" decoding=\"async\" class=\" wp-image-128 aligncenter\" src=\"http:\/\/es.valeriapelka.com\/wp-content\/uploads\/2021\/09\/el-eterno-retorno-1.png\" alt=\"\" width=\"807\" height=\"222\" srcset=\"https:\/\/es.valeriapelka.com\/wp-content\/uploads\/2021\/09\/el-eterno-retorno-1.png 1115w, https:\/\/es.valeriapelka.com\/wp-content\/uploads\/2021\/09\/el-eterno-retorno-1-300x83.png 300w, https:\/\/es.valeriapelka.com\/wp-content\/uploads\/2021\/09\/el-eterno-retorno-1-1024x282.png 1024w, https:\/\/es.valeriapelka.com\/wp-content\/uploads\/2021\/09\/el-eterno-retorno-1-768x211.png 768w\" sizes=\"(max-width: 807px) 100vw, 807px\" \/><\/p>\n<h3><span style=\"font-weight: 400;\">&#8220;El eterno retorno&#8221; es una pieza inspirada en el libro de Milan Kundera, &#8220;La insoportable levedad del ser&#8221;. La suite le dar\u00e1 a cada personaje un tema musical: a Tom\u00e1s, Teresa, Sabina y Franz, pero tambi\u00e9n al famoso &#8220;es muss sein&#8221; de Beethoven, y a la ocupaci\u00f3n rusa sobre el suelo de la naci\u00f3n checoslovaca.<\/span><\/h3>\n<h3><span style=\"font-weight: 400;\">El concepto de Nietzsche del \u201ceterno retorno\u201d estar\u00e1 presente para que la obra permita que escuchemos una y otra vez sus temas, aunque siempre de manera diferente. Estos se entrelazar\u00e1n y se desarrollar\u00e1n seg\u00fan las relaciones que surjan entre los personajes y sus emociones a lo largo de cada una de las 7 partes de la obra del escritor checo.<\/span><\/h3>\n<h5><span style=\"font-weight: 400;\">Duraci\u00f3n aproximada: 21 min<\/span><\/h5>\n<h5><span style=\"font-weight: 400;\">Inicio de la composici\u00f3n: diciembre de 2022<\/span><\/h5>\n<p>&nbsp;<\/p>\n<hr \/>\n<h3><img loading=\"lazy\" decoding=\"async\" class=\" wp-image-214 aligncenter\" src=\"http:\/\/es.valeriapelka.com\/wp-content\/uploads\/2021\/09\/life00.jpg\" alt=\"\" width=\"498\" height=\"133\" srcset=\"https:\/\/es.valeriapelka.com\/wp-content\/uploads\/2021\/09\/life00.jpg 401w, https:\/\/es.valeriapelka.com\/wp-content\/uploads\/2021\/09\/life00-300x80.jpg 300w, https:\/\/es.valeriapelka.com\/wp-content\/uploads\/2021\/09\/life00-24x6.jpg 24w, https:\/\/es.valeriapelka.com\/wp-content\/uploads\/2021\/09\/life00-36x10.jpg 36w, https:\/\/es.valeriapelka.com\/wp-content\/uploads\/2021\/09\/life00-90x24.jpg 90w\" sizes=\"(max-width: 498px) 100vw, 498px\" \/><\/h3>\n<p><img loading=\"lazy\" decoding=\"async\" class=\"size-full wp-image-215 aligncenter\" src=\"http:\/\/es.valeriapelka.com\/wp-content\/uploads\/2021\/09\/suite-life.jpg\" alt=\"\" width=\"1090\" height=\"115\" srcset=\"https:\/\/es.valeriapelka.com\/wp-content\/uploads\/2021\/09\/suite-life.jpg 1090w, https:\/\/es.valeriapelka.com\/wp-content\/uploads\/2021\/09\/suite-life-300x32.jpg 300w, https:\/\/es.valeriapelka.com\/wp-content\/uploads\/2021\/09\/suite-life-1024x108.jpg 1024w, https:\/\/es.valeriapelka.com\/wp-content\/uploads\/2021\/09\/suite-life-768x81.jpg 768w, https:\/\/es.valeriapelka.com\/wp-content\/uploads\/2021\/09\/suite-life-1080x115.jpg 1080w, https:\/\/es.valeriapelka.com\/wp-content\/uploads\/2021\/09\/suite-life-24x3.jpg 24w, https:\/\/es.valeriapelka.com\/wp-content\/uploads\/2021\/09\/suite-life-36x4.jpg 36w, https:\/\/es.valeriapelka.com\/wp-content\/uploads\/2021\/09\/suite-life-90x9.jpg 90w\" sizes=\"(max-width: 1090px) 100vw, 1090px\" \/><\/p>\n<h3><span style=\"font-weight: 400;\">\u201cLife\u201d es una obra que habla de la vida en 7 partes. Como en la vida real las 7 etapas no se separan, sino que se unen musicalmente en un solo movimiento, que pasar\u00e1 por 7 instancias de la vida de un ser humano, al menos esa es la forma arbitraria y subjetiva que eleg\u00ed para hacer esa divisi\u00f3n. &#8211; que son: nacimiento, infancia, adolescencia, juventud, edad adulta, vejez y muerte.<\/span><\/h3>\n<h3><span style=\"font-weight: 400;\">Ser\u00e1 una obra para voces y orquesta. en la cual la letra, siempre escrita en primera persona, relatar\u00e1 las diversas emociones que atraviesa un ser humano, entendiendo que desde la individualidad de este ser \u00fanico se expresar\u00e1 inevitablemente la universalidad, ya que la especie humana se integra en las emociones humanas que nos caracterizan.<\/span><\/h3>\n<h3><span style=\"font-weight: 400;\">La alegr\u00eda, el miedo, la expectativa, el amor, la frustraci\u00f3n, la tristeza, el entusiasmo, son comunes y reconocidos por todos, independientemente de nuestro pa\u00eds de origen, nuestro g\u00e9nero, nuestra posici\u00f3n social. \u201cLife\u201d habla de la vida de una persona, que al hablar de s\u00ed misma, tambi\u00e9n estar\u00e1 hablando de la vida de todos nosotros.<\/span><\/h3>\n<h5><span style=\"font-weight: 400;\">Inicio de la composici\u00f3n: junio de 2023<\/span><\/h5>\n<h5><span style=\"font-weight: 400;\">Duraci\u00f3n aproximada: 21 min<\/span><\/h5>\n<p>&nbsp;<\/p>\n                <div class=\"ml-embedded\" data-form=\"JTq8vC\"><\/div>\n            \n","protected":false},"excerpt":{"rendered":"<p>En &#8220;Camila &amp; Ladislao&#8221; la m\u00fasica hablar\u00e1 del amor prohibido de una joven que proviene de una familia de pol\u00edticos de clase alta y un [&#8230;]<\/p>\n","protected":false},"author":1,"featured_media":0,"parent":0,"menu_order":0,"comment_status":"closed","ping_status":"closed","template":"templates\/template-no-title.php","meta":{"om_disable_all_campaigns":false,"sfsi_plus_gutenberg_text_before_share":"","sfsi_plus_gutenberg_show_text_before_share":"","sfsi_plus_gutenberg_icon_type":"","sfsi_plus_gutenberg_icon_alignemt":"","sfsi_plus_gutenburg_max_per_row":"","_monsterinsights_skip_tracking":false,"_monsterinsights_sitenote_active":false,"_monsterinsights_sitenote_note":"","_monsterinsights_sitenote_category":0,"footnotes":""},"class_list":["post-126","page","type-page","status-publish","hentry"],"_links":{"self":[{"href":"https:\/\/es.valeriapelka.com\/index.php\/wp-json\/wp\/v2\/pages\/126"}],"collection":[{"href":"https:\/\/es.valeriapelka.com\/index.php\/wp-json\/wp\/v2\/pages"}],"about":[{"href":"https:\/\/es.valeriapelka.com\/index.php\/wp-json\/wp\/v2\/types\/page"}],"author":[{"embeddable":true,"href":"https:\/\/es.valeriapelka.com\/index.php\/wp-json\/wp\/v2\/users\/1"}],"replies":[{"embeddable":true,"href":"https:\/\/es.valeriapelka.com\/index.php\/wp-json\/wp\/v2\/comments?post=126"}],"version-history":[{"count":11,"href":"https:\/\/es.valeriapelka.com\/index.php\/wp-json\/wp\/v2\/pages\/126\/revisions"}],"predecessor-version":[{"id":543,"href":"https:\/\/es.valeriapelka.com\/index.php\/wp-json\/wp\/v2\/pages\/126\/revisions\/543"}],"wp:attachment":[{"href":"https:\/\/es.valeriapelka.com\/index.php\/wp-json\/wp\/v2\/media?parent=126"}],"curies":[{"name":"wp","href":"https:\/\/api.w.org\/{rel}","templated":true}]}}