{"id":113,"date":"2021-09-17T22:46:41","date_gmt":"2021-09-17T22:46:41","guid":{"rendered":"http:\/\/es.valeriapelka.com\/?page_id=113"},"modified":"2022-01-17T16:32:42","modified_gmt":"2022-01-17T16:32:42","slug":"preinscripcion","status":"publish","type":"page","link":"https:\/\/es.valeriapelka.com\/index.php\/preinscripcion\/","title":{"rendered":"Preinscripcion"},"content":{"rendered":"<p><img loading=\"lazy\" decoding=\"async\" class=\"size-full wp-image-114 aligncenter\" src=\"http:\/\/es.valeriapelka.com\/wp-content\/uploads\/2021\/09\/PREINCRIPCION.png\" alt=\"\" width=\"792\" height=\"308\" srcset=\"https:\/\/es.valeriapelka.com\/wp-content\/uploads\/2021\/09\/PREINCRIPCION.png 792w, https:\/\/es.valeriapelka.com\/wp-content\/uploads\/2021\/09\/PREINCRIPCION-300x117.png 300w, https:\/\/es.valeriapelka.com\/wp-content\/uploads\/2021\/09\/PREINCRIPCION-768x299.png 768w\" sizes=\"(max-width: 792px) 100vw, 792px\" \/><\/p>\n<p>La tarifa se calculan en u$ 1200 y ese monto se divide por el n\u00famero total de bandas.<\/p>\n<p>El n\u00famero m\u00ednimo de bandas es 4 . El valor inicial de cada banda es de u$300. Cuanto mayor sea el n\u00famero de bandas, menores ser\u00e1n las tarifas a las que se enfrentar\u00e1 cada banda.<\/p>\n<p>Si quieres participar, puedes preinscribirte gratis aqu\u00ed y me pondr\u00e9 en contacto contigo tan pronto como reunamos el n\u00famero m\u00ednimo de miembros necesarios.<\/p>\n<p>Recuerda, la fecha de entrega de las partituras ser\u00e1 6 semanas despu\u00e9s de completarse el consorcio.<\/p>\n<p>&nbsp;<\/p>\n<div class=\"wpforms-container wpforms-container-full\" id=\"wpforms-122\"><form id=\"wpforms-form-122\" class=\"wpforms-validate wpforms-form wpforms-ajax-form\" data-formid=\"122\" method=\"post\" enctype=\"multipart\/form-data\" action=\"\/index.php\/wp-json\/wp\/v2\/pages\/113\" data-token=\"d11d1e55b8f114c3eeaeedcefbcb5b97\"><noscript class=\"wpforms-error-noscript\">Please enable JavaScript in your browser to complete this form.<\/noscript><div class=\"wpforms-field-container\"><div id=\"wpforms-122-field_7-container\" class=\"wpforms-field wpforms-field-name\" data-field-id=\"7\"><label class=\"wpforms-field-label\" for=\"wpforms-122-field_7\">Nombre <span class=\"wpforms-required-label\">*<\/span><\/label><input type=\"text\" id=\"wpforms-122-field_7\" class=\"wpforms-field-medium wpforms-field-required\" name=\"wpforms[fields][7]\" required><\/div><div id=\"wpforms-122-field_2-container\" class=\"wpforms-field wpforms-field-text\" data-field-id=\"2\"><label class=\"wpforms-field-label\" for=\"wpforms-122-field_2\">El nombre de tu orquesta<\/label><input type=\"text\" id=\"wpforms-122-field_2\" class=\"wpforms-field-medium\" name=\"wpforms[fields][2]\" ><\/div><div id=\"wpforms-122-field_6-container\" class=\"wpforms-field wpforms-field-text\" data-field-id=\"6\"><label class=\"wpforms-field-label\" for=\"wpforms-122-field_6\">Monto que preferir\u00edas pagar (U$ d\u00f3lares) - La tarifa total de la pieza se dividir\u00e1 en partes iguales entre las orquestas interesadas. Es importante saber hasta qu\u00e9 monto estar\u00edas dispuesto a pagar para evitar enviarte un correo electr\u00f3nico molesto en caso de que ese monto exceda tus posibilidades.<\/label><input type=\"text\" id=\"wpforms-122-field_6\" class=\"wpforms-field-medium\" name=\"wpforms[fields][6]\" ><\/div><div id=\"wpforms-122-field_4-container\" class=\"wpforms-field wpforms-field-email\" data-field-id=\"4\"><label class=\"wpforms-field-label\" for=\"wpforms-122-field_4\">Tu email <span class=\"wpforms-required-label\">*<\/span><\/label><input type=\"email\" id=\"wpforms-122-field_4\" class=\"wpforms-field-medium wpforms-field-required\" name=\"wpforms[fields][4]\" required><\/div><div id=\"wpforms-122-field_5-container\" class=\"wpforms-field wpforms-field-textarea\" data-field-id=\"5\"><label class=\"wpforms-field-label\" for=\"wpforms-122-field_5\">Tu mensaje <span class=\"wpforms-required-label\">*<\/span><\/label><textarea id=\"wpforms-122-field_5\" class=\"wpforms-field-medium wpforms-field-required\" name=\"wpforms[fields][5]\" required><\/textarea><\/div><\/div><div class=\"wpforms-submit-container\" ><input type=\"hidden\" name=\"wpforms[id]\" value=\"122\"><input type=\"hidden\" name=\"wpforms[author]\" value=\"1\"><button type=\"submit\" name=\"wpforms[submit]\" class=\"wpforms-submit \" id=\"wpforms-submit-122\" value=\"wpforms-submit\" aria-live=\"assertive\" data-alt-text=\"Sending...\" data-submit-text=\"Enviar\">Enviar<\/button><img loading=\"lazy\" decoding=\"async\" src=\"https:\/\/es.valeriapelka.com\/wp-content\/plugins\/wpforms-lite\/assets\/images\/submit-spin.svg\" class=\"wpforms-submit-spinner\" style=\"display: none;\" width=\"26\" height=\"26\" alt=\"\"><\/div><\/form><\/div>  <!-- .wpforms-container -->\n","protected":false},"excerpt":{"rendered":"<p>La tarifa se calculan en u$ 1200 y ese monto se divide por el n\u00famero total de bandas. El n\u00famero m\u00ednimo de bandas es 4 [&#8230;]<\/p>\n","protected":false},"author":1,"featured_media":0,"parent":0,"menu_order":0,"comment_status":"closed","ping_status":"closed","template":"templates\/template-no-title.php","meta":{"om_disable_all_campaigns":false,"sfsi_plus_gutenberg_text_before_share":"","sfsi_plus_gutenberg_show_text_before_share":"","sfsi_plus_gutenberg_icon_type":"","sfsi_plus_gutenberg_icon_alignemt":"","sfsi_plus_gutenburg_max_per_row":"","_monsterinsights_skip_tracking":false,"_monsterinsights_sitenote_active":false,"_monsterinsights_sitenote_note":"","_monsterinsights_sitenote_category":0,"footnotes":""},"class_list":["post-113","page","type-page","status-publish","hentry"],"_links":{"self":[{"href":"https:\/\/es.valeriapelka.com\/index.php\/wp-json\/wp\/v2\/pages\/113"}],"collection":[{"href":"https:\/\/es.valeriapelka.com\/index.php\/wp-json\/wp\/v2\/pages"}],"about":[{"href":"https:\/\/es.valeriapelka.com\/index.php\/wp-json\/wp\/v2\/types\/page"}],"author":[{"embeddable":true,"href":"https:\/\/es.valeriapelka.com\/index.php\/wp-json\/wp\/v2\/users\/1"}],"replies":[{"embeddable":true,"href":"https:\/\/es.valeriapelka.com\/index.php\/wp-json\/wp\/v2\/comments?post=113"}],"version-history":[{"count":6,"href":"https:\/\/es.valeriapelka.com\/index.php\/wp-json\/wp\/v2\/pages\/113\/revisions"}],"predecessor-version":[{"id":238,"href":"https:\/\/es.valeriapelka.com\/index.php\/wp-json\/wp\/v2\/pages\/113\/revisions\/238"}],"wp:attachment":[{"href":"https:\/\/es.valeriapelka.com\/index.php\/wp-json\/wp\/v2\/media?parent=113"}],"curies":[{"name":"wp","href":"https:\/\/api.w.org\/{rel}","templated":true}]}}