{"id":105,"date":"2021-09-17T22:29:04","date_gmt":"2021-09-17T22:29:04","guid":{"rendered":"http:\/\/es.valeriapelka.com\/?page_id=105"},"modified":"2022-01-17T16:47:55","modified_gmt":"2022-01-17T16:47:55","slug":"consorcioviejo","status":"publish","type":"page","link":"https:\/\/es.valeriapelka.com\/index.php\/consorcioviejo\/","title":{"rendered":"Consorcio Viejo"},"content":{"rendered":"<p><img loading=\"lazy\" decoding=\"async\" class=\"size-full wp-image-20 aligncenter\" src=\"http:\/\/es.valeriapelka.com\/wp-content\/uploads\/2021\/09\/palermo.png\" alt=\"\" width=\"769\" height=\"347\" srcset=\"https:\/\/es.valeriapelka.com\/wp-content\/uploads\/2021\/09\/palermo.png 769w, https:\/\/es.valeriapelka.com\/wp-content\/uploads\/2021\/09\/palermo-300x135.png 300w\" sizes=\"(max-width: 769px) 100vw, 769px\" \/><\/p>\r\n<p><span style=\"font-weight: 400;\">&#8220;PALERMO&#8221; refleja el eclecticismo t\u00edpico de algunos barrios de las grandes urbes, en los que se mezclan extranjeros con locales, y en los que se combinan la sencillez y la sofisticaci\u00f3n. Naturaleza, lagos, paseos, comercios, turismo, ferias, restaurantes, canales de tv y radios forman el crisol de opciones, mientras en sus esquinas suenan m\u00fasicas de todo tipo y un sin fin de idiomas se hablan en sus calles a cualquier hora del d\u00eda.\u00a0<\/span><\/p>\r\n<p><span style=\"font-weight: 400;\">Con una melod\u00eda inspirada originalmente en el t\u00edpico vals criollo,\u00a0 lejos de aspirar al purismo estil\u00edstico, la obra presenta sonoridades del mundo combinadas con el matiz musical propio de Buenos Aires,\u00a0 una ciudad cada d\u00eda m\u00e1s cosmopolita que recibe de brazos abiertos a quien quiera visitarla e incluso permanecer en ella por el resto de su vida.<\/span><\/p>\r\n<p><iframe loading=\"lazy\" title=\"PALERMO - Valeria Pelka\" width=\"800\" height=\"450\" src=\"https:\/\/www.youtube.com\/embed\/1M6AQc0dO8s?feature=oembed\" frameborder=\"0\" allow=\"accelerometer; autoplay; clipboard-write; encrypted-media; gyroscope; picture-in-picture\" allowfullscreen><\/iframe><\/p>\r\n<div class=\"_df_book df-lite\" id=\"df_107\"  class=\"\" id=\"107\" type=\"book\" data-title=\"palermo\" _slug=\"palermo-primeras-paginas\" wpoptions=\"true\" thumbtype=\"bg\" ><p class=\"df-raw-loading\">Please wait while flipbook is loading. For more related info, FAQs and issues please refer to <a href=\"https:\/\/wordpress.org\/plugins\/3d-flipbook-dflip-lite\/#installation\">DearFlip WordPress Flipbook Plugin Help<\/a> documentation.<\/p><\/div><script class=\"df-shortcode-script\" type=\"application\/javascript\">window.option_df_107 = {\"outline\":[],\"forceFit\":\"true\",\"autoEnableOutline\":\"false\",\"autoEnableThumbnail\":\"false\",\"overwritePDFOutline\":\"false\",\"enableDownload\":\"false\",\"direction\":\"1\",\"pageSize\":\"0\",\"source\":\"http:\\\/\\\/es.valeriapelka.com\\\/wp-content\\\/uploads\\\/2021\\\/09\\\/PALERMO-PERUSAL-C-.pdf\",\"wpOptions\":\"true\"}; if(window.DFLIP && window.DFLIP.parseBooks){window.DFLIP.parseBooks();}<\/script>\r\n<p>Dado que mi misi\u00f3n es unir las culturas musicales de diferentes pa\u00edses con el sonido sinf\u00f3nico, creo que la mejor manera de lograrlo es crear esta obra utilizando el m\u00e9todo del consorcio para que tambi\u00e9n llegue a diferentes orquestas. Esa es la raz\u00f3n principal por la que decid\u00ed componer esta pieza para ambos org\u00e1nicos: orquesta sinf\u00f3nica y banda de concierto. El costo del trabajo se dividir\u00e1 entre las orquestas interesadas.<br \/>Si quieres participar, puedes preinscribirte gratis aqu\u00ed y me pondr\u00e9 en contacto contigo tan pronto como reunamos el n\u00famero m\u00ednimo de miembros necesarios.<\/p>\r\n<p><\/p>\r\n<div class=\"wp-block-button\" style=\"text-align: center;\"><a class=\"wp-block-button__link\" href=\"http:\/\/es.valeriapelka.com\/index.php\/preinscripcion\/\" target=\"_blank\" rel=\"noopener\">Formulario de Pre-Regitro<\/a><\/div>\r\n<p>&nbsp;<\/p>\r\n<p>INSTRUMENTACI\u00d3N PARA ORQUESTA SINF\u00d3NICA<\/p>\r\n<p>Piccolo<\/p>\r\n<p>2 flautas<\/p>\r\n<p>2 oboes<\/p>\r\n<p>2 clarinetes en Sib<\/p>\r\n<p>2 fagotes<\/p>\r\n<p>4 cornos en Fa<\/p>\r\n<p>3 trompetas en Sib<\/p>\r\n<p>2 trombones tenor<\/p>\r\n<p>Tuba<\/p>\r\n<p>Timbales (5)<\/p>\r\n<p>Percusi\u00f3n (4 percusionistas)<\/p>\r\n<p>Caja clara<\/p>\r\n<p>Tri\u00e1ngulo<\/p>\r\n<p>Bombo<\/p>\r\n<p>Platillos<\/p>\r\n<p>Set de platillos suspendidos<\/p>\r\n<p>4 tom-toms<\/p>\r\n<p>Pandereta<\/p>\r\n<p>Glockenspiel<\/p>\r\n<p>Marimba<\/p>\r\n<p>Vibr\u00e1fono<\/p>\r\n<p>Arpa<\/p>\r\n<p>Cuerdas<\/p>\r\n<p>&nbsp;<\/p>\r\n<p>INSTRUMENTACI\u00d3N PARA BANDA DE CONCIERTO<\/p>\r\n<p>&nbsp;<\/p>\r\n<p>Piccolo<\/p>\r\n<p>2 flautas<\/p>\r\n<p>2 oboes<\/p>\r\n<p>2 fagotes<\/p>\r\n<p>Clarinete en Mib<\/p>\r\n<p>3 clarinetes en Sib<\/p>\r\n<p>Clarinete bajo<\/p>\r\n<p>Saxof\u00f3n soprano<\/p>\r\n<p>Saxof\u00f3n alto<\/p>\r\n<p>Saxof\u00f3n tenor<\/p>\r\n<p>Saxof\u00f3n bar\u00edtono<\/p>\r\n<p>3 trompetas en Sib<\/p>\r\n<p>4 cornos en Fa<\/p>\r\n<p>3 trombones tenor<\/p>\r\n<p>Bombardino<\/p>\r\n<p>Tuba<\/p>\r\n<p>Timbales (5)<\/p>\r\n<p>Percusi\u00f3n (4 percusionistas)<\/p>\r\n<p>Caja clara<\/p>\r\n<p>Tri\u00e1ngulo<\/p>\r\n<p>Bombo<\/p>\r\n<p>Platillos<\/p>\r\n<p>Set de platillos suspendidos<\/p>\r\n<p>4 tom-toms<\/p>\r\n<p>Pandereta<\/p>\r\n<p>Glockenspiel<\/p>\r\n<p>Marimba<\/p>\r\n<p>Vibr\u00e1fono<\/p>\r\n<p>Piano<\/p>\r\n<p>Contrabajo<\/p>\r\n\r\n<div class=\"wp-block-buttons is-layout-flex wp-block-buttons-is-layout-flex\">\u00a0<\/div>\r\n\r\n\r\n\r\n<p>&nbsp;<\/p>\r\n","protected":false},"excerpt":{"rendered":"<p>&#8220;PALERMO&#8221; refleja el eclecticismo t\u00edpico de algunos barrios de las grandes urbes, en los que se mezclan extranjeros con locales, y en los que se [&#8230;]<\/p>\n","protected":false},"author":1,"featured_media":0,"parent":0,"menu_order":0,"comment_status":"closed","ping_status":"closed","template":"templates\/template-no-title.php","meta":{"om_disable_all_campaigns":false,"sfsi_plus_gutenberg_text_before_share":"","sfsi_plus_gutenberg_show_text_before_share":"","sfsi_plus_gutenberg_icon_type":"","sfsi_plus_gutenberg_icon_alignemt":"","sfsi_plus_gutenburg_max_per_row":"","_monsterinsights_skip_tracking":false,"_monsterinsights_sitenote_active":false,"_monsterinsights_sitenote_note":"","_monsterinsights_sitenote_category":0,"footnotes":""},"class_list":["post-105","page","type-page","status-publish","hentry"],"_links":{"self":[{"href":"https:\/\/es.valeriapelka.com\/index.php\/wp-json\/wp\/v2\/pages\/105"}],"collection":[{"href":"https:\/\/es.valeriapelka.com\/index.php\/wp-json\/wp\/v2\/pages"}],"about":[{"href":"https:\/\/es.valeriapelka.com\/index.php\/wp-json\/wp\/v2\/types\/page"}],"author":[{"embeddable":true,"href":"https:\/\/es.valeriapelka.com\/index.php\/wp-json\/wp\/v2\/users\/1"}],"replies":[{"embeddable":true,"href":"https:\/\/es.valeriapelka.com\/index.php\/wp-json\/wp\/v2\/comments?post=105"}],"version-history":[{"count":7,"href":"https:\/\/es.valeriapelka.com\/index.php\/wp-json\/wp\/v2\/pages\/105\/revisions"}],"predecessor-version":[{"id":245,"href":"https:\/\/es.valeriapelka.com\/index.php\/wp-json\/wp\/v2\/pages\/105\/revisions\/245"}],"wp:attachment":[{"href":"https:\/\/es.valeriapelka.com\/index.php\/wp-json\/wp\/v2\/media?parent=105"}],"curies":[{"name":"wp","href":"https:\/\/api.w.org\/{rel}","templated":true}]}}